{"id":15024,"date":"2025-05-01T13:24:46","date_gmt":"2025-05-01T17:24:46","guid":{"rendered":"https:\/\/maisonduhamac.com\/boutique\/ez-mount-support-semi-arche-pour-chaise-hamac\/"},"modified":"2025-05-07T12:07:10","modified_gmt":"2025-05-07T16:07:10","slug":"ez-mount-support-semi-arche-pour-chaise-hamac","status":"publish","type":"product","link":"https:\/\/maisonduhamac.com\/en\/boutique\/ez-mount-support-semi-arche-pour-chaise-hamac\/","title":{"rendered":"EZ-MOUNT\u00ae SUPPORT SEMI-ARCHE POUR CHAISE-HAMAC"},"content":{"rendered":"<p>Vous cherchez o\u00f9 et comment installer votre chaise-hamac? Vous pr\u00e9f\u00e9rez utiliser votre chaise-hamac dans divers endroits? Nous avons une solution! Optez pour notre support semi-arche en m\u00e9tal et savourez chaque instant dans votre chaise-hamac. Nous sommes les seuls et uniques \u00e0 offrir en exclusivit\u00e9 des supports de haute qualit\u00e9 pour hamacs et chaises-hamacs. D\u00e9velopp\u00e9 par La Maison du hamac et fruit d&#8217;un travail d&#8217;ing\u00e9nierie m\u00e9ticuleuse, ce support en acier \u00e0 ancrage vertical est couvert par une peinture de couleur noir sandtext en email cuit par poudrage \u00e0 haute temp\u00e9rature. Cette proc\u00e9dure le rend robuste et r\u00e9sistant aux intemp\u00e9ries. Il doit tout de m\u00eame \u00eatre obligatoirement remis\u00e9 dans un endroit sec. Fait en 3 (trois) pi\u00e8ces, \u00a0il s&#8217;assemble facilement \u00e0 l\u2019aide de 2 (deux) boulons fourni avec l\u2019ensemble. Ce support unique est tr\u00e8s confortable, stable et silencieux. Il permet de faire des mouvements rotatifs relaxants et constitue un outil id\u00e9al pour les usages th\u00e9rapeutiques. Nous recommandons l\u2019ajout d&#8217;un \u00e9merillon dont le r\u00f4le est de permettre de faire des rotations. Pratique pour l\u2019usage avec des enfants ou pour faire des mouvements th\u00e9rapeutiques. Ce support convient \u00a0\u00e0 tous nos mod\u00e8les de <a href=\"https:\/\/web.archive.org\/web\/20161030182113\/http:\/maisonduhamac.com\/index.php\/produits\/chaises.html\">chaises- hamacs<\/a>. Satisfaction et d\u00e9tente assur\u00e9es!<\/p>\n<p>&nbsp;<\/p>\n","protected":false},"excerpt":{"rendered":"<p>Fait au Qu\u00e9bec. Solide et r\u00e9sistant aux intemp\u00e9ries. Se d\u00e9fait en 3 pi\u00e8ces. Durable et pratique.<br \/>\nPossibilit\u00e9 de faire livrer.\u00a0 Ramassage sans frais \u00e0 Montr\u00e9al ou au point de service de L\u00e9vis. Voir\u00a0<a href=\"https:\/\/maisonduhamac.com\/contactez-nous\/\">Contactez-nous.<\/a><\/p>\n","protected":false},"featured_media":3384,"comment_status":"open","ping_status":"closed","template":"","meta":{"site-sidebar-layout":"default","site-content-layout":"","ast-site-content-layout":"default","site-content-style":"default","site-sidebar-style":"default","ast-global-header-display":"","ast-banner-title-visibility":"","ast-main-header-display":"","ast-hfb-above-header-display":"","ast-hfb-below-header-display":"","ast-hfb-mobile-header-display":"","site-post-title":"","ast-breadcrumbs-content":"","ast-featured-img":"","footer-sml-layout":"","theme-transparent-header-meta":"default","adv-header-id-meta":"","stick-header-meta":"","header-above-stick-meta":"","header-main-stick-meta":"","header-below-stick-meta":"","astra-migrate-meta-layouts":"set","ast-page-background-enabled":"default","ast-page-background-meta":{"desktop":{"background-color":"var(--ast-global-color-4)","background-image":"","background-repeat":"repeat","background-position":"center center","background-size":"auto","background-attachment":"scroll","background-type":"","background-media":"","overlay-type":"","overlay-color":"","overlay-gradient":""},"tablet":{"background-color":"","background-image":"","background-repeat":"repeat","background-position":"center center","background-size":"auto","background-attachment":"scroll","background-type":"","background-media":"","overlay-type":"","overlay-color":"","overlay-gradient":""},"mobile":{"background-color":"","background-image":"","background-repeat":"repeat","background-position":"center center","background-size":"auto","background-attachment":"scroll","background-type":"","background-media":"","overlay-type":"","overlay-color":"","overlay-gradient":""}},"ast-content-background-meta":{"desktop":{"background-color":"var(--ast-global-color-5)","background-image":"","background-repeat":"repeat","background-position":"center center","background-size":"auto","background-attachment":"scroll","background-type":"","background-media":"","overlay-type":"","overlay-color":"","overlay-gradient":""},"tablet":{"background-color":"var(--ast-global-color-5)","background-image":"","background-repeat":"repeat","background-position":"center center","background-size":"auto","background-attachment":"scroll","background-type":"","background-media":"","overlay-type":"","overlay-color":"","overlay-gradient":""},"mobile":{"background-color":"var(--ast-global-color-5)","background-image":"","background-repeat":"repeat","background-position":"center center","background-size":"auto","background-attachment":"scroll","background-type":"","background-media":"","overlay-type":"","overlay-color":"","overlay-gradient":""}}},"product_brand":[],"product_cat":[132],"product_tag":[133],"class_list":{"0":"post-15024","1":"product","2":"type-product","3":"status-publish","4":"has-post-thumbnail","6":"product_cat-stands-for-hammock-chairs","7":"product_tag-stands-for-hammock-chairs","8":"product_shipping_class-oversized-products","9":"desktop-align-left","10":"tablet-align-left","11":"mobile-align-left","12":"ast-product-gallery-layout-horizontal-slider","13":"ast-product-tabs-layout-horizontal","15":"first","16":"instock","17":"sale","18":"taxable","19":"shipping-taxable","20":"purchasable","21":"product-type-simple"},"_links":{"self":[{"href":"https:\/\/maisonduhamac.com\/en\/wp-json\/wp\/v2\/product\/15024","targetHints":{"allow":["GET"]}}],"collection":[{"href":"https:\/\/maisonduhamac.com\/en\/wp-json\/wp\/v2\/product"}],"about":[{"href":"https:\/\/maisonduhamac.com\/en\/wp-json\/wp\/v2\/types\/product"}],"replies":[{"embeddable":true,"href":"https:\/\/maisonduhamac.com\/en\/wp-json\/wp\/v2\/comments?post=15024"}],"wp:featuredmedia":[{"embeddable":true,"href":"https:\/\/maisonduhamac.com\/en\/wp-json\/wp\/v2\/media\/3384"}],"wp:attachment":[{"href":"https:\/\/maisonduhamac.com\/en\/wp-json\/wp\/v2\/media?parent=15024"}],"wp:term":[{"taxonomy":"product_brand","embeddable":true,"href":"https:\/\/maisonduhamac.com\/en\/wp-json\/wp\/v2\/product_brand?post=15024"},{"taxonomy":"product_cat","embeddable":true,"href":"https:\/\/maisonduhamac.com\/en\/wp-json\/wp\/v2\/product_cat?post=15024"},{"taxonomy":"product_tag","embeddable":true,"href":"https:\/\/maisonduhamac.com\/en\/wp-json\/wp\/v2\/product_tag?post=15024"}],"curies":[{"name":"wp","href":"https:\/\/api.w.org\/{rel}","templated":true}]}}