{"id":14738,"date":"2022-05-24T11:14:11","date_gmt":"2022-05-24T15:14:11","guid":{"rendered":"https:\/\/maisonduhamac.com\/1687962189622\/product\/rallonge-chaine-1-pied-avec-crochet-en-s-pl-zinc\/"},"modified":"2025-03-15T12:52:52","modified_gmt":"2025-03-15T16:52:52","slug":"chain-s-hook-extension-1-foot","status":"publish","type":"product","link":"https:\/\/maisonduhamac.com\/en\/boutique\/chain-s-hook-extension-1-foot\/","title":{"rendered":"CHAIN-S HOOK EXTENSION 1 FOOT"},"content":{"rendered":"","protected":false},"excerpt":{"rendered":"<p>Pour ajuster la distance ou la hauteur du hamac. Capacit\u00e9 de 400 kg &#8211; 881 lb. Se connecte facilement \u00e0 la boucle du hamac. Utiliser un <a href=\"https:\/\/maisonduhamac.com\/boutique\/accessoires\/crochet-en-s-516x3-pl-zinc\/\">crochet en S<\/a>, un<a href=\"https:\/\/maisonduhamac.com\/boutique\/accessoires\/mousqueton-1532x5-12-pl-zinc\/\"> mousqueton<\/a> ou un <a href=\"https:\/\/maisonduhamac.com\/boutique\/accessoires\/maillon-rapide-14-pl-zinc\/\">maillon rapide<\/a> pour connecter l&#8217;autre extr\u00e9mit\u00e9 de la rallonge \u00e0 un crochet ou une plaque d&#8217;ancrage.<\/p>\n","protected":false},"featured_media":12764,"comment_status":"open","ping_status":"closed","template":"","meta":{"site-sidebar-layout":"default","site-content-layout":"","ast-site-content-layout":"","site-content-style":"default","site-sidebar-style":"default","ast-global-header-display":"","ast-banner-title-visibility":"","ast-main-header-display":"","ast-hfb-above-header-display":"","ast-hfb-below-header-display":"","ast-hfb-mobile-header-display":"","site-post-title":"","ast-breadcrumbs-content":"","ast-featured-img":"","footer-sml-layout":"","theme-transparent-header-meta":"","adv-header-id-meta":"","stick-header-meta":"","header-above-stick-meta":"","header-main-stick-meta":"","header-below-stick-meta":"","astra-migrate-meta-layouts":"set","ast-page-background-enabled":"default","ast-page-background-meta":{"desktop":{"background-color":"var(--ast-global-color-4)","background-image":"","background-repeat":"repeat","background-position":"center center","background-size":"auto","background-attachment":"scroll","background-type":"","background-media":"","overlay-type":"","overlay-color":"","overlay-gradient":""},"tablet":{"background-color":"","background-image":"","background-repeat":"repeat","background-position":"center center","background-size":"auto","background-attachment":"scroll","background-type":"","background-media":"","overlay-type":"","overlay-color":"","overlay-gradient":""},"mobile":{"background-color":"","background-image":"","background-repeat":"repeat","background-position":"center center","background-size":"auto","background-attachment":"scroll","background-type":"","background-media":"","overlay-type":"","overlay-color":"","overlay-gradient":""}},"ast-content-background-meta":{"desktop":{"background-color":"var(--ast-global-color-5)","background-image":"","background-repeat":"repeat","background-position":"center center","background-size":"auto","background-attachment":"scroll","background-type":"","background-media":"","overlay-type":"","overlay-color":"","overlay-gradient":""},"tablet":{"background-color":"var(--ast-global-color-5)","background-image":"","background-repeat":"repeat","background-position":"center center","background-size":"auto","background-attachment":"scroll","background-type":"","background-media":"","overlay-type":"","overlay-color":"","overlay-gradient":""},"mobile":{"background-color":"var(--ast-global-color-5)","background-image":"","background-repeat":"repeat","background-position":"center center","background-size":"auto","background-attachment":"scroll","background-type":"","background-media":"","overlay-type":"","overlay-color":"","overlay-gradient":""}}},"product_brand":[],"product_cat":[112],"product_tag":[120],"class_list":{"0":"post-14738","1":"product","2":"type-product","3":"status-publish","4":"has-post-thumbnail","6":"product_cat-accessories","7":"product_tag-accessories","8":"product_shipping_class-standard-en","9":"desktop-align-left","10":"tablet-align-left","11":"mobile-align-left","12":"ast-product-gallery-layout-horizontal-slider","13":"ast-product-tabs-layout-horizontal","15":"first","16":"instock","17":"taxable","18":"shipping-taxable","19":"purchasable","20":"product-type-simple"},"_links":{"self":[{"href":"https:\/\/maisonduhamac.com\/en\/wp-json\/wp\/v2\/product\/14738","targetHints":{"allow":["GET"]}}],"collection":[{"href":"https:\/\/maisonduhamac.com\/en\/wp-json\/wp\/v2\/product"}],"about":[{"href":"https:\/\/maisonduhamac.com\/en\/wp-json\/wp\/v2\/types\/product"}],"replies":[{"embeddable":true,"href":"https:\/\/maisonduhamac.com\/en\/wp-json\/wp\/v2\/comments?post=14738"}],"wp:featuredmedia":[{"embeddable":true,"href":"https:\/\/maisonduhamac.com\/en\/wp-json\/wp\/v2\/media\/12764"}],"wp:attachment":[{"href":"https:\/\/maisonduhamac.com\/en\/wp-json\/wp\/v2\/media?parent=14738"}],"wp:term":[{"taxonomy":"product_brand","embeddable":true,"href":"https:\/\/maisonduhamac.com\/en\/wp-json\/wp\/v2\/product_brand?post=14738"},{"taxonomy":"product_cat","embeddable":true,"href":"https:\/\/maisonduhamac.com\/en\/wp-json\/wp\/v2\/product_cat?post=14738"},{"taxonomy":"product_tag","embeddable":true,"href":"https:\/\/maisonduhamac.com\/en\/wp-json\/wp\/v2\/product_tag?post=14738"}],"curies":[{"name":"wp","href":"https:\/\/api.w.org\/{rel}","templated":true}]}}