{"id":14443,"date":"2018-02-09T17:18:50","date_gmt":"2018-02-09T21:18:50","guid":{"rendered":"https:\/\/maisonduhamac.com\/boutique\/uncategorized\/barranquilla-chaise-hamac-colombienne-tissee\/"},"modified":"2023-08-16T13:32:17","modified_gmt":"2023-08-16T17:32:17","slug":"barranquilla-chaise-hamac-colombienne-tissee","status":"publish","type":"product","link":"https:\/\/maisonduhamac.com\/en\/boutique\/barranquilla-chaise-hamac-colombienne-tissee\/","title":{"rendered":"BARRANQUILLA CHAISE-HAMAC COLOMBIENNE TISS\u00c9E"},"content":{"rendered":"\n\n\t<p>Barranquilla is a 100% cotton woven hammock chair made in Colombia. This type of hammock is for sitting only and sets up vertically on the ceiling or on our semi-arch stand (sold separately). It comes with a wooden stick and a triangle-shaped hanging rope.<\/p>\n<p>By its gentle rocking, it offers pleasant moments of rest and relaxation. These characteristics make this hammock an ideal tool for therapy. Available in multiple color choices. Do not forget to add the installation accessories to the basket.<\/p>\n\t<p>Since most hammocks sold by La Maison du hamac are hand crafted products, some occasional variations in size or weight are normal and they do not compromise the quality or safety of the item.<\/p>\n<em>N.B.<\/em><br \/>\n<em>&#8211; The dimensions of the hammock tend to give by 3% to 5% considering the conditioning of the cotton fibers. It is therefore best to install it with a slight curve. It will reach its ideal size after use.<br \/>\n&#8211; Avoid sharp objects during use.<br \/>\n&#8211; Since this type of hammock is handmade by craftsmen, each item is a unique piece. The color sequences can vary from one hammock to another.<br \/>\n&#8211; Due to photo resolution, external interference factors, and monitor setup, products may have slightly different color shades from those shown in the photos.<\/em>\n\n","protected":false},"excerpt":{"rendered":"<p>Authentique chaise-hamac tiss\u00e9e 100% coton faite \u00e0 la main en Colombie. Facile \u00e0 transporter et \u00e0 installer. Id\u00e9ale pour la relaxation, la lecture ou la th\u00e9rapie. Vu sa conception, cette chaise-hamac sert uniquement \u00e0 s\u2019asseoir en ayant le dos droit comme sur une chaise et sans sentir l&#8217;exc\u00e9dent de tissu sous les cuisses.<\/p>\n","protected":false},"featured_media":12036,"comment_status":"open","ping_status":"closed","template":"","meta":{"site-sidebar-layout":"default","site-content-layout":"default","ast-site-content-layout":"default","site-content-style":"default","site-sidebar-style":"default","ast-global-header-display":"","ast-banner-title-visibility":"","ast-main-header-display":"","ast-hfb-above-header-display":"","ast-hfb-below-header-display":"","ast-hfb-mobile-header-display":"","site-post-title":"","ast-breadcrumbs-content":"","ast-featured-img":"","footer-sml-layout":"","theme-transparent-header-meta":"default","adv-header-id-meta":"","stick-header-meta":"","header-above-stick-meta":"","header-main-stick-meta":"","header-below-stick-meta":"","astra-migrate-meta-layouts":"default","ast-page-background-enabled":"default","ast-page-background-meta":{"desktop":{"background-color":"var(--ast-global-color-4)","background-image":"","background-repeat":"repeat","background-position":"center center","background-size":"auto","background-attachment":"scroll","background-type":"","background-media":"","overlay-type":"","overlay-color":"","overlay-gradient":""},"tablet":{"background-color":"","background-image":"","background-repeat":"repeat","background-position":"center center","background-size":"auto","background-attachment":"scroll","background-type":"","background-media":"","overlay-type":"","overlay-color":"","overlay-gradient":""},"mobile":{"background-color":"","background-image":"","background-repeat":"repeat","background-position":"center center","background-size":"auto","background-attachment":"scroll","background-type":"","background-media":"","overlay-type":"","overlay-color":"","overlay-gradient":""}},"ast-content-background-meta":{"desktop":{"background-color":"var(--ast-global-color-5)","background-image":"","background-repeat":"repeat","background-position":"center center","background-size":"auto","background-attachment":"scroll","background-type":"","background-media":"","overlay-type":"","overlay-color":"","overlay-gradient":""},"tablet":{"background-color":"var(--ast-global-color-5)","background-image":"","background-repeat":"repeat","background-position":"center center","background-size":"auto","background-attachment":"scroll","background-type":"","background-media":"","overlay-type":"","overlay-color":"","overlay-gradient":""},"mobile":{"background-color":"var(--ast-global-color-5)","background-image":"","background-repeat":"repeat","background-position":"center center","background-size":"auto","background-attachment":"scroll","background-type":"","background-media":"","overlay-type":"","overlay-color":"","overlay-gradient":""}}},"product_brand":[],"product_cat":[115,138],"product_tag":[],"class_list":{"0":"post-14443","1":"product","2":"type-product","3":"status-publish","4":"has-post-thumbnail","6":"product_cat-colombian-hammocks-chairs","7":"product_cat-liquidation-en","8":"product_shipping_class-standard-en","9":"desktop-align-left","10":"tablet-align-left","11":"mobile-align-left","12":"ast-product-gallery-layout-horizontal-slider","13":"ast-product-tabs-layout-horizontal","15":"first","16":"instock","17":"sale","18":"taxable","19":"shipping-taxable","20":"purchasable","21":"product-type-simple"},"_links":{"self":[{"href":"https:\/\/maisonduhamac.com\/en\/wp-json\/wp\/v2\/product\/14443","targetHints":{"allow":["GET"]}}],"collection":[{"href":"https:\/\/maisonduhamac.com\/en\/wp-json\/wp\/v2\/product"}],"about":[{"href":"https:\/\/maisonduhamac.com\/en\/wp-json\/wp\/v2\/types\/product"}],"replies":[{"embeddable":true,"href":"https:\/\/maisonduhamac.com\/en\/wp-json\/wp\/v2\/comments?post=14443"}],"wp:featuredmedia":[{"embeddable":true,"href":"https:\/\/maisonduhamac.com\/en\/wp-json\/wp\/v2\/media\/12036"}],"wp:attachment":[{"href":"https:\/\/maisonduhamac.com\/en\/wp-json\/wp\/v2\/media?parent=14443"}],"wp:term":[{"taxonomy":"product_brand","embeddable":true,"href":"https:\/\/maisonduhamac.com\/en\/wp-json\/wp\/v2\/product_brand?post=14443"},{"taxonomy":"product_cat","embeddable":true,"href":"https:\/\/maisonduhamac.com\/en\/wp-json\/wp\/v2\/product_cat?post=14443"},{"taxonomy":"product_tag","embeddable":true,"href":"https:\/\/maisonduhamac.com\/en\/wp-json\/wp\/v2\/product_tag?post=14443"}],"curies":[{"name":"wp","href":"https:\/\/api.w.org\/{rel}","templated":true}]}}