{"id":14347,"date":"2022-02-08T15:00:34","date_gmt":"2022-02-08T19:00:34","guid":{"rendered":"https:\/\/maisonduhamac.com\/boutique\/uncategorized\/ceara-brazilian-hammock-chair-with-fringes-aguamarina\/"},"modified":"2023-06-19T13:07:50","modified_gmt":"2023-06-19T17:07:50","slug":"ceara-brazilian-hammock-chair-with-fringes-aguamarina","status":"publish","type":"product","link":"https:\/\/maisonduhamac.com\/en\/boutique\/ceara-brazilian-hammock-chair-with-fringes-aguamarina\/","title":{"rendered":"CEARA BRAZILIAN HAMMOCK CHAIR  WITH FRINGES AGUAMARINA"},"content":{"rendered":"\n\n\t<p>,,Ceara est une chaise-hamac tiss\u00e9e 100% coton. Ce type de hamac s&#8217;installe verticalement au plafond ou sur notre support semi-arche (vendu s\u00e9par\u00e9ment). Il vient avec un b\u00e2ton de bois et une corde de suspension en forme de triangle.<\/p>\n<p>On peut \u00e9galement l&#8217;installer lat\u00e9ralement sans b\u00e2ton et triangle sur notre support arche (vendu s\u00e9par\u00e9ment). La chaise-hamac s&#8217;utilise pour s&#8217;asseoir ou s&#8217;y installer enti\u00e8rement. Par son doux bercement, elle offre d&#8217;agr\u00e9ables moments de d\u00e9tente et de relaxation. Ces caract\u00e9ristiques font de ce hamac un outil id\u00e9al pour la th\u00e9rapie.<\/p>\n<p>Vient avec des franges assorties.<\/p>\n<p>Ne pas oublier d&#8217;ajouter au panier les accessoires d&#8217;installation surtout un prot\u00e8ge-boucles \u00e0 rentrer dans la boucle du triangle afin d&#8217;\u00e9viter l&#8217;usure.<\/p>\n<p>Pour un ancrage lat\u00e9ral, il faut pr\u00e9voir deux prot\u00e8ge-boucles (un pour chaque boucle du hamac).<\/p>\n\t<p>Since most hammocks sold by La Maison du hamac are hand crafted products, some occasional variations in size or weight are normal and they do not compromise the quality or safety of the item.<\/p>\n<em>N.B.<\/em><br \/>\n<em>&#8211; The dimensions of the hammock tend to give by 3% to 5% considering the conditioning of the cotton fibers. It is therefore best to install it with a slight curve. It will reach its ideal size after use.<br \/>\n&#8211; Avoid sharp objects during use.<br \/>\n&#8211; Since this type of hammock is handmade by craftsmen, each item is a unique piece. The color sequences can vary from one hammock to another.<br \/>\n&#8211; Due to photo resolution, external interference factors, and monitor setup, products may have slightly different color shades from those shown in the photos.<\/em>\n\n","protected":false},"excerpt":{"rendered":"<p>Authentic 100% cotton woven hammock chair made in Brazil. Easy to carry. Ideal for relaxation, reading or therapy. <a href=\"https:\/\/maisonduhamac.com\/boutique\/accessoires\/cushio\/\" data-mce-href=\"https:\/\/maisonduhamac.com\/boutique\/accessoires\/cushio\/\">Cushion<\/a> et <a href=\"https:\/\/maisonduhamac.com\/boutique\/accessoires\/cushion-case\/\" data-mce-href=\"https:\/\/maisonduhamac.com\/boutique\/accessoires\/cushion-case\/\"> cushion case<\/a> sold separately.<\/p>\n<div id=\"ext-mouse-move\"><\/div>\n<div id=\"ext-mouse-down\"><\/div>\n<div id=\"ext-mouse-up\"><\/div>\n","protected":false},"featured_media":3330,"comment_status":"open","ping_status":"closed","template":"","meta":{"site-sidebar-layout":"default","site-content-layout":"","ast-site-content-layout":"default","site-content-style":"default","site-sidebar-style":"default","ast-global-header-display":"","ast-banner-title-visibility":"","ast-main-header-display":"","ast-hfb-above-header-display":"","ast-hfb-below-header-display":"","ast-hfb-mobile-header-display":"","site-post-title":"","ast-breadcrumbs-content":"","ast-featured-img":"","footer-sml-layout":"","theme-transparent-header-meta":"default","adv-header-id-meta":"","stick-header-meta":"","header-above-stick-meta":"","header-main-stick-meta":"","header-below-stick-meta":"","astra-migrate-meta-layouts":"default","ast-page-background-enabled":"default","ast-page-background-meta":{"desktop":{"background-color":"var(--ast-global-color-4)","background-image":"","background-repeat":"repeat","background-position":"center center","background-size":"auto","background-attachment":"scroll","background-type":"","background-media":"","overlay-type":"","overlay-color":"","overlay-gradient":""},"tablet":{"background-color":"","background-image":"","background-repeat":"repeat","background-position":"center center","background-size":"auto","background-attachment":"scroll","background-type":"","background-media":"","overlay-type":"","overlay-color":"","overlay-gradient":""},"mobile":{"background-color":"","background-image":"","background-repeat":"repeat","background-position":"center center","background-size":"auto","background-attachment":"scroll","background-type":"","background-media":"","overlay-type":"","overlay-color":"","overlay-gradient":""}},"ast-content-background-meta":{"desktop":{"background-color":"var(--ast-global-color-5)","background-image":"","background-repeat":"repeat","background-position":"center center","background-size":"auto","background-attachment":"scroll","background-type":"","background-media":"","overlay-type":"","overlay-color":"","overlay-gradient":""},"tablet":{"background-color":"var(--ast-global-color-5)","background-image":"","background-repeat":"repeat","background-position":"center center","background-size":"auto","background-attachment":"scroll","background-type":"","background-media":"","overlay-type":"","overlay-color":"","overlay-gradient":""},"mobile":{"background-color":"var(--ast-global-color-5)","background-image":"","background-repeat":"repeat","background-position":"center center","background-size":"auto","background-attachment":"scroll","background-type":"","background-media":"","overlay-type":"","overlay-color":"","overlay-gradient":""}}},"product_brand":[],"product_cat":[107],"product_tag":[106],"class_list":{"0":"post-14347","1":"product","2":"type-product","3":"status-publish","4":"has-post-thumbnail","6":"product_cat-brazilian-hammock-chair","7":"product_tag-brasilian-hammock-chairs","8":"product_shipping_class-standard-en","9":"desktop-align-left","10":"tablet-align-left","11":"mobile-align-left","12":"ast-product-gallery-layout-horizontal-slider","13":"ast-product-gallery-with-no-image","14":"ast-product-tabs-layout-horizontal","16":"first","17":"instock","18":"sale","19":"taxable","20":"shipping-taxable","21":"purchasable","22":"product-type-simple"},"_links":{"self":[{"href":"https:\/\/maisonduhamac.com\/en\/wp-json\/wp\/v2\/product\/14347","targetHints":{"allow":["GET"]}}],"collection":[{"href":"https:\/\/maisonduhamac.com\/en\/wp-json\/wp\/v2\/product"}],"about":[{"href":"https:\/\/maisonduhamac.com\/en\/wp-json\/wp\/v2\/types\/product"}],"replies":[{"embeddable":true,"href":"https:\/\/maisonduhamac.com\/en\/wp-json\/wp\/v2\/comments?post=14347"}],"wp:featuredmedia":[{"embeddable":true,"href":"https:\/\/maisonduhamac.com\/en\/wp-json\/wp\/v2\/media\/3330"}],"wp:attachment":[{"href":"https:\/\/maisonduhamac.com\/en\/wp-json\/wp\/v2\/media?parent=14347"}],"wp:term":[{"taxonomy":"product_brand","embeddable":true,"href":"https:\/\/maisonduhamac.com\/en\/wp-json\/wp\/v2\/product_brand?post=14347"},{"taxonomy":"product_cat","embeddable":true,"href":"https:\/\/maisonduhamac.com\/en\/wp-json\/wp\/v2\/product_cat?post=14347"},{"taxonomy":"product_tag","embeddable":true,"href":"https:\/\/maisonduhamac.com\/en\/wp-json\/wp\/v2\/product_tag?post=14347"}],"curies":[{"name":"wp","href":"https:\/\/api.w.org\/{rel}","templated":true}]}}