{"id":14343,"date":"2022-02-08T14:43:43","date_gmt":"2022-02-08T18:43:43","guid":{"rendered":"https:\/\/maisonduhamac.com\/boutique\/uncategorized\/ceara-brazilian-hammock-chair-without-fringes-cafe\/"},"modified":"2023-06-02T14:16:43","modified_gmt":"2023-06-02T18:16:43","slug":"ceara-brazilian-hammock-chair-without-fringes-cafe","status":"publish","type":"product","link":"https:\/\/maisonduhamac.com\/en\/boutique\/ceara-brazilian-hammock-chair-without-fringes-cafe\/","title":{"rendered":"CEARA BRAZILIAN HAMMOCK CHAIR  WITHOUT FRINGES CAF\u00c9"},"content":{"rendered":"Ceara est une chaise-hamac tiss\u00e9e 100% coton. Ce type de hamac s&#8217;installe verticalement au plafond ou sur notre support semi-arche (vendu s\u00e9par\u00e9ment). Il vient avec un b\u00e2ton de bois et une corde de suspension en forme de triangle.\r\n\r\nOn peut \u00e9galement l&#8217;installer lat\u00e9ralement sans b\u00e2ton et triangle sur notre support arche (vendu s\u00e9par\u00e9ment). La chaise-hamac s&#8217;utilise pour s&#8217;asseoir ou s&#8217;y installer enti\u00e8rement. Par son doux bercement, elle offre d&#8217;agr\u00e9ables moments de d\u00e9tente et de relaxation. Ces caract\u00e9ristiques font de ce hamac un outil id\u00e9al pour la th\u00e9rapie.\r\n\r\nNe pas oublier d&#8217;ajouter au panier les accessoires d&#8217;installation surtout un prot\u00e8ge-boucles \u00e0 rentrer dans la boucle du triangle afin d&#8217;\u00e9viter l&#8217;usure.\r\n\r\nPour un ancrage lat\u00e9ral, il faut pr\u00e9voir deux prot\u00e8ge-boucles (un pour chaque boucle du hamac).\r\n\r\n\u00c9tant donn\u00e9 que la plupart des hamacs vendus par La Maison du hamac sont des produits artisanaux, certaines variations occasionnelles de la dimension ou du poids sont normales et elles ne compromettent en rien la qualit\u00e9 ou la s\u00e9curit\u00e9 de l&#8217;article.\r\n\r\n<em>N.B.<\/em>\r\n<em>&#8211; Les dimensions du hamac ont tendance \u00e0 augmenter de 3% \u00e0 5% vu le conditionnement des fibres de coton. Il atteindra sa taille id\u00e9ale suite \u00e0 l&#8217;usage.<\/em>\r\n<em>\u00a0&#8211; \u00c9viter les objets coupants lors de l&#8217;utilisation.\r\n&#8211; \u00c9tant donn\u00e9 que ce type de hamac est fait \u00e0 la main par des artisans, chaque item est une pi\u00e8ce unique. Les s\u00e9quences de couleurs peuvent donc varier d&#8217;un hamac \u00e0 l&#8217;autre.\r\n&#8211; Vu la r\u00e9solution des photos, les facteurs d&#8217;interf\u00e9rence externes et la configuration des moniteurs, les produits peuvent pr\u00e9senter des nuances de couleurs l\u00e9g\u00e8rement diff\u00e9rentes de ceux figurant sur les photos.\r\n\r\n<\/em>\n<!-- \/wp:post-content -->","protected":false},"excerpt":{"rendered":"<p> Authentic 100% cotton woven hammock chair made in Brazil. Easy to carry. Ideal for relaxation, reading or therapy. <a href=\"https:\/\/maisonduhamac.com\/boutique\/accessoires\/cushio\/\">Cushion<\/a> et <a href=\"https:\/\/maisonduhamac.com\/boutique\/accessoires\/cushion-case\/\"> cushion case<\/a> sold separately.<\/p>\n","protected":false},"featured_media":3801,"comment_status":"open","ping_status":"closed","template":"","meta":{"site-sidebar-layout":"default","site-content-layout":"","ast-site-content-layout":"default","site-content-style":"default","site-sidebar-style":"default","ast-global-header-display":"","ast-banner-title-visibility":"","ast-main-header-display":"","ast-hfb-above-header-display":"","ast-hfb-below-header-display":"","ast-hfb-mobile-header-display":"","site-post-title":"","ast-breadcrumbs-content":"","ast-featured-img":"","footer-sml-layout":"","theme-transparent-header-meta":"default","adv-header-id-meta":"","stick-header-meta":"","header-above-stick-meta":"","header-main-stick-meta":"","header-below-stick-meta":"","astra-migrate-meta-layouts":"default","ast-page-background-enabled":"default","ast-page-background-meta":{"desktop":{"background-color":"var(--ast-global-color-4)","background-image":"","background-repeat":"repeat","background-position":"center center","background-size":"auto","background-attachment":"scroll","background-type":"","background-media":"","overlay-type":"","overlay-color":"","overlay-gradient":""},"tablet":{"background-color":"","background-image":"","background-repeat":"repeat","background-position":"center center","background-size":"auto","background-attachment":"scroll","background-type":"","background-media":"","overlay-type":"","overlay-color":"","overlay-gradient":""},"mobile":{"background-color":"","background-image":"","background-repeat":"repeat","background-position":"center center","background-size":"auto","background-attachment":"scroll","background-type":"","background-media":"","overlay-type":"","overlay-color":"","overlay-gradient":""}},"ast-content-background-meta":{"desktop":{"background-color":"var(--ast-global-color-5)","background-image":"","background-repeat":"repeat","background-position":"center center","background-size":"auto","background-attachment":"scroll","background-type":"","background-media":"","overlay-type":"","overlay-color":"","overlay-gradient":""},"tablet":{"background-color":"var(--ast-global-color-5)","background-image":"","background-repeat":"repeat","background-position":"center center","background-size":"auto","background-attachment":"scroll","background-type":"","background-media":"","overlay-type":"","overlay-color":"","overlay-gradient":""},"mobile":{"background-color":"var(--ast-global-color-5)","background-image":"","background-repeat":"repeat","background-position":"center center","background-size":"auto","background-attachment":"scroll","background-type":"","background-media":"","overlay-type":"","overlay-color":"","overlay-gradient":""}}},"product_brand":[],"product_cat":[107],"product_tag":[106],"class_list":{"0":"post-14343","1":"product","2":"type-product","3":"status-publish","4":"has-post-thumbnail","6":"product_cat-brazilian-hammock-chair","7":"product_tag-brasilian-hammock-chairs","8":"product_shipping_class-standard-en","9":"desktop-align-left","10":"tablet-align-left","11":"mobile-align-left","12":"ast-product-gallery-layout-horizontal-slider","13":"ast-product-gallery-with-no-image","14":"ast-product-tabs-layout-horizontal","16":"first","17":"instock","18":"sale","19":"taxable","20":"shipping-taxable","21":"purchasable","22":"product-type-simple"},"_links":{"self":[{"href":"https:\/\/maisonduhamac.com\/en\/wp-json\/wp\/v2\/product\/14343","targetHints":{"allow":["GET"]}}],"collection":[{"href":"https:\/\/maisonduhamac.com\/en\/wp-json\/wp\/v2\/product"}],"about":[{"href":"https:\/\/maisonduhamac.com\/en\/wp-json\/wp\/v2\/types\/product"}],"replies":[{"embeddable":true,"href":"https:\/\/maisonduhamac.com\/en\/wp-json\/wp\/v2\/comments?post=14343"}],"wp:featuredmedia":[{"embeddable":true,"href":"https:\/\/maisonduhamac.com\/en\/wp-json\/wp\/v2\/media\/3801"}],"wp:attachment":[{"href":"https:\/\/maisonduhamac.com\/en\/wp-json\/wp\/v2\/media?parent=14343"}],"wp:term":[{"taxonomy":"product_brand","embeddable":true,"href":"https:\/\/maisonduhamac.com\/en\/wp-json\/wp\/v2\/product_brand?post=14343"},{"taxonomy":"product_cat","embeddable":true,"href":"https:\/\/maisonduhamac.com\/en\/wp-json\/wp\/v2\/product_cat?post=14343"},{"taxonomy":"product_tag","embeddable":true,"href":"https:\/\/maisonduhamac.com\/en\/wp-json\/wp\/v2\/product_tag?post=14343"}],"curies":[{"name":"wp","href":"https:\/\/api.w.org\/{rel}","templated":true}]}}